{"id":3013,"date":"2024-06-02T13:33:40","date_gmt":"2024-06-02T13:33:40","guid":{"rendered":"https:\/\/www.switchfleet.com\/?page_id=3013"},"modified":"2024-06-27T13:55:14","modified_gmt":"2024-06-27T13:55:14","slug":"puntos-de-regarga-comunidad-de-madrid-pbi","status":"publish","type":"page","link":"https:\/\/www.switchfleet.com\/en\/puntos-de-regarga-comunidad-de-madrid-pbi\/","title":{"rendered":"Puntos de Regarga Comunidad de Madrid &#8211; PBI"},"content":{"rendered":"<div data-elementor-type=\"wp-page\" data-elementor-id=\"3013\" class=\"elementor elementor-3013\" data-elementor-post-type=\"page\">\n\t\t\t\t\t\t<section class=\"elementor-section elementor-top-section elementor-element elementor-element-d61389f elementor-section-height-min-height elementor-section-boxed elementor-section-height-default elementor-section-items-middle\" data-id=\"d61389f\" data-element_type=\"section\" data-e-type=\"section\" data-settings=\"{&quot;background_background&quot;:&quot;classic&quot;}\">\n\t\t\t\t\t\t\t<div class=\"elementor-background-overlay\"><\/div>\n\t\t\t\t\t\t\t<div class=\"elementor-container elementor-column-gap-default\">\n\t\t\t\t\t<div class=\"elementor-column elementor-col-50 elementor-top-column elementor-element elementor-element-74a8a5f\" data-id=\"74a8a5f\" data-element_type=\"column\" data-e-type=\"column\">\n\t\t\t<div class=\"elementor-widget-wrap elementor-element-populated\">\n\t\t\t\t\t\t<div class=\"elementor-element elementor-element-1d0f03f elementor-widget elementor-widget-image\" data-id=\"1d0f03f\" data-element_type=\"widget\" data-e-type=\"widget\" data-widget_type=\"image.default\">\n\t\t\t\t<div class=\"elementor-widget-container\">\n\t\t\t\t\t\t\t\t\t\t\t\t\t\t\t<img fetchpriority=\"high\" decoding=\"async\" width=\"300\" height=\"169\" src=\"https:\/\/www.switchfleet.com\/comp\/uploads\/2019\/01\/Logo-Switch-negativo-sin-fondo-300x169.png\" class=\"attachment-medium size-medium wp-image-77\" alt=\"Logo-Switch-negativo-sin-fondo\" srcset=\"https:\/\/www.switchfleet.com\/comp\/uploads\/2019\/01\/Logo-Switch-negativo-sin-fondo-300x169.png 300w, https:\/\/www.switchfleet.com\/comp\/uploads\/2019\/01\/Logo-Switch-negativo-sin-fondo-768x432.png 768w, https:\/\/www.switchfleet.com\/comp\/uploads\/2019\/01\/Logo-Switch-negativo-sin-fondo-1024x576.png 1024w, https:\/\/www.switchfleet.com\/comp\/uploads\/2019\/01\/Logo-Switch-negativo-sin-fondo.png 1366w\" sizes=\"(max-width: 300px) 100vw, 300px\" \/>\t\t\t\t\t\t\t\t\t\t\t\t\t\t\t<\/div>\n\t\t\t\t<\/div>\n\t\t\t\t\t<\/div>\n\t\t<\/div>\n\t\t\t\t<div class=\"elementor-column elementor-col-50 elementor-top-column elementor-element elementor-element-ece97a7\" data-id=\"ece97a7\" data-element_type=\"column\" data-e-type=\"column\">\n\t\t\t<div class=\"elementor-widget-wrap elementor-element-populated\">\n\t\t\t\t\t\t<div class=\"elementor-element elementor-element-d8bae52 elementor-widget elementor-widget-text-editor\" data-id=\"d8bae52\" data-element_type=\"widget\" data-e-type=\"widget\" data-widget_type=\"text-editor.default\">\n\t\t\t\t<div class=\"elementor-widget-container\">\n\t\t\t\t\t\t\t\t\t<p><span style=\"font-family: Roboto, sans-serif; font-size: 30px; font-style: normal; font-variant-ligatures: normal; font-variant-caps: normal; font-weight: 400;\">Puntos de Recarga en Madrid<\/span><\/p>\t\t\t\t\t\t\t\t<\/div>\n\t\t\t\t<\/div>\n\t\t\t\t\t<\/div>\n\t\t<\/div>\n\t\t\t\t\t<\/div>\n\t\t<\/section>\n\t\t\t\t<section class=\"elementor-section elementor-top-section elementor-element elementor-element-ba4a5c4 elementor-section-height-min-height elementor-section-boxed elementor-section-height-default elementor-section-items-middle\" data-id=\"ba4a5c4\" data-element_type=\"section\" data-e-type=\"section\" data-settings=\"{&quot;background_background&quot;:&quot;classic&quot;}\">\n\t\t\t\t\t\t<div class=\"elementor-container elementor-column-gap-default\">\n\t\t\t\t\t<div class=\"elementor-column elementor-col-100 elementor-top-column elementor-element elementor-element-219ad7c\" data-id=\"219ad7c\" data-element_type=\"column\" data-e-type=\"column\">\n\t\t\t<div class=\"elementor-widget-wrap elementor-element-populated\">\n\t\t\t\t\t\t<div class=\"elementor-element elementor-element-4892e2e elementor-widget elementor-widget-heading\" data-id=\"4892e2e\" data-element_type=\"widget\" data-e-type=\"widget\" data-widget_type=\"heading.default\">\n\t\t\t\t<div class=\"elementor-widget-container\">\n\t\t\t\t\t<h2 class=\"elementor-heading-title elementor-size-default\"><span style=\"font-family: Roboto, sans-serif;font-size: 30px;font-style: normal;font-weight: 600\">\u2b07\ufe0f <\/span>\u00a1Descubre los datos!  \u2b07\ufe0f<\/h2>\t\t\t\t<\/div>\n\t\t\t\t<\/div>\n\t\t\t\t<div class=\"elementor-element elementor-element-8c50686 elementor-widget elementor-widget-text-editor\" data-id=\"8c50686\" data-element_type=\"widget\" data-e-type=\"widget\" data-widget_type=\"text-editor.default\">\n\t\t\t\t<div class=\"elementor-widget-container\">\n\t\t\t\t\t\t\t\t\t<h3 class=\"summary-title\">Estaciones de recarga r\u00e1pida de acceso p\u00fablico para veh\u00edculos el\u00e9ctricos<\/h3><p><span style=\"text-decoration: underline;\"><a href=\"https:\/\/datos.madrid.es\/\">Fuente: datos.madrid.es<\/a><\/span><\/p>\t\t\t\t\t\t\t\t<\/div>\n\t\t\t\t<\/div>\n\t\t\t\t<div class=\"elementor-element elementor-element-c28ff16 elementor-hidden-mobile elementor-widget elementor-widget-html\" data-id=\"c28ff16\" data-element_type=\"widget\" data-e-type=\"widget\" data-widget_type=\"html.default\">\n\t\t\t\t<div class=\"elementor-widget-container\">\n\t\t\t\t\t<iframe title=\"AEDIVE - SWITCH - Puntos de Recarga\" width=\"600\" height=\"650\" data-src=\"https:\/\/app.powerbi.com\/view?r=eyJrIjoiZGNkYmMxMTAtYWM3Zi00M2JiLTlmYTMtZWIwOTlkN2JiN2IzIiwidCI6ImJiYjEzOGJhLWZjMDYtNDM2ZS04ODhlLTAyYmVjMzFlYTIzYSIsImMiOjl9\" frameborder=\"0\" allowfullscreen=\"true\" src=\"data:image\/svg+xml;base64,PHN2ZyB3aWR0aD0iMSIgaGVpZ2h0PSIxIiB4bWxucz0iaHR0cDovL3d3dy53My5vcmcvMjAwMC9zdmciPjwvc3ZnPg==\" class=\"lazyload\" data-load-mode=\"1\"><\/iframe>\t\t\t\t<\/div>\n\t\t\t\t<\/div>\n\t\t\t\t<div class=\"elementor-element elementor-element-a6392b2 elementor-hidden-desktop elementor-hidden-tablet elementor-widget elementor-widget-html\" data-id=\"a6392b2\" data-element_type=\"widget\" data-e-type=\"widget\" data-widget_type=\"html.default\">\n\t\t\t\t<div class=\"elementor-widget-container\">\n\t\t\t\t\t<iframe title=\"Report Section\" width=\"600\" height=\"250\" data-src=\"https:\/\/app.powerbi.com\/view?r=eyJrIjoiZGNkYmMxMTAtYWM3Zi00M2JiLTlmYTMtZWIwOTlkN2JiN2IzIiwidCI6ImJiYjEzOGJhLWZjMDYtNDM2ZS04ODhlLTAyYmVjMzFlYTIzYSIsImMiOjl9\" frameborder=\"0\" allowfullscreen=\"true\" src=\"data:image\/svg+xml;base64,PHN2ZyB3aWR0aD0iMSIgaGVpZ2h0PSIxIiB4bWxucz0iaHR0cDovL3d3dy53My5vcmcvMjAwMC9zdmciPjwvc3ZnPg==\" class=\"lazyload\" data-load-mode=\"1\"><\/iframe>\t\t\t\t<\/div>\n\t\t\t\t<\/div>\n\t\t\t\t<div class=\"elementor-element elementor-element-de562a4 elementor-widget elementor-widget-text-editor\" data-id=\"de562a4\" data-element_type=\"widget\" data-e-type=\"widget\" data-widget_type=\"text-editor.default\">\n\t\t\t\t<div class=\"elementor-widget-container\">\n\t\t\t\t\t\t\t\t\t<p><span style=\"font-size: 16px; color: var( --e-global-color-text );\">Interact\u00faa t\u00fa mismo con esta herramienta, que usa la tecnolog\u00eda de <b>SwitchFleet <\/b>y los datos de <b>AEDIVE<\/b>.<\/span><br><\/p>\t\t\t\t\t\t\t\t<\/div>\n\t\t\t\t<\/div>\n\t\t\t\t\t<\/div>\n\t\t<\/div>\n\t\t\t\t\t<\/div>\n\t\t<\/section>\n\t\t\t\t<section class=\"elementor-section elementor-top-section elementor-element elementor-element-189b0a4 elementor-section-boxed elementor-section-height-default elementor-section-height-default\" data-id=\"189b0a4\" data-element_type=\"section\" data-e-type=\"section\">\n\t\t\t\t\t\t<div class=\"elementor-container elementor-column-gap-default\">\n\t\t\t\t\t<div class=\"elementor-column elementor-col-100 elementor-top-column elementor-element elementor-element-afbf181\" data-id=\"afbf181\" data-element_type=\"column\" data-e-type=\"column\">\n\t\t\t<div class=\"elementor-widget-wrap elementor-element-populated\">\n\t\t\t\t\t\t<div data-ra-url=\"https:\/\/www.madrid.es\/portal\/site\/munimadrid\" data-ra-target=\"_self\" class=\"ra-clickable-wrapper elementor-element elementor-element-96c401b elementor-widget elementor-widget-image\" style=\"cursor:pointer;\" data-id=\"96c401b\" data-element_type=\"widget\" data-e-type=\"widget\" data-widget_type=\"image.default\">\n\t\t\t\t<div class=\"elementor-widget-container\">\n\t\t\t\t\t\t\t\t\t\t\t\t\t\t\t<img decoding=\"async\" width=\"534\" height=\"94\" data-src=\"https:\/\/www.switchfleet.com\/comp\/uploads\/images.png\" class=\"attachment-large size-large wp-image-3900 lazyload\" alt=\"images\" data-srcset=\"https:\/\/www.switchfleet.com\/comp\/uploads\/images.png 534w, https:\/\/www.switchfleet.com\/comp\/uploads\/images-300x53.png 300w\" data-sizes=\"(max-width: 534px) 100vw, 534px\" src=\"data:image\/svg+xml;base64,PHN2ZyB3aWR0aD0iMSIgaGVpZ2h0PSIxIiB4bWxucz0iaHR0cDovL3d3dy53My5vcmcvMjAwMC9zdmciPjwvc3ZnPg==\" style=\"--smush-placeholder-width: 534px; --smush-placeholder-aspect-ratio: 534\/94;\" \/>\t\t\t\t\t\t\t\t\t\t\t\t\t\t\t<\/div>\n\t\t\t\t<\/div>\n\t\t\t\t\t<\/div>\n\t\t<\/div>\n\t\t\t\t\t<\/div>\n\t\t<\/section>\n\t\t\t\t<section class=\"elementor-section elementor-top-section elementor-element elementor-element-5260a774 elementor-section-boxed elementor-section-height-default elementor-section-height-default\" data-id=\"5260a774\" data-element_type=\"section\" data-e-type=\"section\" id=\"section_7\" data-settings=\"{&quot;background_background&quot;:&quot;classic&quot;,&quot;shape_divider_top&quot;:&quot;pyramids&quot;,&quot;shape_divider_bottom&quot;:&quot;pyramids&quot;,&quot;shape_divider_top_negative&quot;:&quot;yes&quot;}\">\n\t\t\t\t\t<div class=\"elementor-shape elementor-shape-top\" aria-hidden=\"true\" data-negative=\"true\">\n\t\t\t<svg xmlns=\"http:\/\/www.w3.org\/2000\/svg\" viewbox=\"0 0 1000 100\" preserveaspectratio=\"none\">\n\t<path class=\"elementor-shape-fill\" d=\"M761.9,40.6L643.1,24L333.9,93.8L0.1,1H0v99h1000V1\"\/>\n<\/svg>\t\t<\/div>\n\t\t\t\t<div class=\"elementor-shape elementor-shape-bottom\" aria-hidden=\"true\" data-negative=\"false\">\n\t\t\t<svg xmlns=\"http:\/\/www.w3.org\/2000\/svg\" viewbox=\"0 0 1000 100\" preserveaspectratio=\"none\">\n\t<path class=\"elementor-shape-fill\" d=\"M761.9,44.1L643.1,27.2L333.8,98L0,3.8V0l1000,0v3.9\"\/>\n<\/svg>\t\t<\/div>\n\t\t\t\t\t<div class=\"elementor-container elementor-column-gap-no\">\n\t\t\t\t\t<div class=\"elementor-column elementor-col-100 elementor-top-column elementor-element elementor-element-597fd6d4\" data-id=\"597fd6d4\" data-element_type=\"column\" data-e-type=\"column\">\n\t\t\t<div class=\"elementor-widget-wrap elementor-element-populated\">\n\t\t\t\t\t\t<div class=\"elementor-element elementor-element-6e04bb0d elementor-widget elementor-widget-eael-typeform\" data-id=\"6e04bb0d\" data-element_type=\"widget\" data-e-type=\"widget\" data-widget_type=\"eael-typeform.default\">\n\t\t\t\t<div class=\"elementor-widget-container\">\n\t\t\t\t\t<div data-typeform=\"{&quot;url&quot;:&quot;https:\\\/\\\/ozonedrive.typeform.com\\\/to\\\/veAgV1Iq&quot;,&quot;hideFooter&quot;:true,&quot;hideHeaders&quot;:true,&quot;opacity&quot;:100}\" id=\"eael-type-form-6e04bb0d\" class=\"eael-typeform clearfix fs_wp_sidebar fsBody eael-contact-form eael-typeform-align-default\"><\/div>\t\t\t\t<\/div>\n\t\t\t\t<\/div>\n\t\t\t\t\t<\/div>\n\t\t<\/div>\n\t\t\t\t\t<\/div>\n\t\t<\/section>\n\t\t\t\t<section class=\"elementor-section elementor-top-section elementor-element elementor-element-0c25894 elementor-hidden-desktop elementor-hidden-tablet elementor-hidden-mobile elementor-section-boxed elementor-section-height-default elementor-section-height-default\" data-id=\"0c25894\" data-element_type=\"section\" data-e-type=\"section\" data-settings=\"{&quot;background_background&quot;:&quot;classic&quot;}\">\n\t\t\t\t\t\t\t<div class=\"elementor-background-overlay\"><\/div>\n\t\t\t\t\t\t\t<div class=\"elementor-container elementor-column-gap-default\">\n\t\t\t\t\t<div class=\"elementor-column elementor-col-100 elementor-top-column elementor-element elementor-element-229f518\" data-id=\"229f518\" data-element_type=\"column\" data-e-type=\"column\">\n\t\t\t<div class=\"elementor-widget-wrap elementor-element-populated\">\n\t\t\t\t\t\t<div class=\"elementor-element elementor-element-7d2f93b elementor-widget elementor-widget-spacer\" data-id=\"7d2f93b\" data-element_type=\"widget\" data-e-type=\"widget\" data-widget_type=\"spacer.default\">\n\t\t\t\t<div class=\"elementor-widget-container\">\n\t\t\t\t\t\t\t<div class=\"elementor-spacer\">\n\t\t\t<div class=\"elementor-spacer-inner\"><\/div>\n\t\t<\/div>\n\t\t\t\t\t\t<\/div>\n\t\t\t\t<\/div>\n\t\t\t\t<div class=\"elementor-element elementor-element-357dfa7 elementor-widget elementor-widget-text-editor\" data-id=\"357dfa7\" data-element_type=\"widget\" data-e-type=\"widget\" data-widget_type=\"text-editor.default\">\n\t\t\t\t<div class=\"elementor-widget-container\">\n\t\t\t\t\t\t\t\t\t<p><a href=\"https:\/\/aedive.es\/\">AEDIVE<\/a> es una Asociaci\u00f3n sin \u00e1nimo de lucro, independiente, cuya trayectoria y representaci\u00f3n a trav\u00e9s de sus empresas miembros de pleno derecho.<\/p><p>Fabricantes y distribuidores de veh\u00edculos el\u00e9ctricos y de puntos de recarga de diversa tipolog\u00eda, gestores de carga, empresas comercializadoras, industria auxiliar y componentes, empresas de renting y leasing, ingenier\u00edas, gestor\u00edas y consultor\u00edas, empresas de software y hardware, operadores de transporte, centros tecnol\u00f3gicos, universidades y usuarios finales profesionales (flotas)-<\/p><p>le ha convertido en el interlocutor v\u00e1lido para las Administraciones p\u00fablicas, tanto central como auton\u00f3micas y locales, en materia de impulso al veh\u00edculo el\u00e9ctrico.<\/p>\t\t\t\t\t\t\t\t<\/div>\n\t\t\t\t<\/div>\n\t\t\t\t<div class=\"elementor-element elementor-element-84c4612 elementor-widget elementor-widget-spacer\" data-id=\"84c4612\" data-element_type=\"widget\" data-e-type=\"widget\" data-widget_type=\"spacer.default\">\n\t\t\t\t<div class=\"elementor-widget-container\">\n\t\t\t\t\t\t\t<div class=\"elementor-spacer\">\n\t\t\t<div class=\"elementor-spacer-inner\"><\/div>\n\t\t<\/div>\n\t\t\t\t\t\t<\/div>\n\t\t\t\t<\/div>\n\t\t\t\t\t<\/div>\n\t\t<\/div>\n\t\t\t\t\t<\/div>\n\t\t<\/section>\n\t\t\t\t<section class=\"elementor-section elementor-top-section elementor-element elementor-element-43b5b9d elementor-section-boxed elementor-section-height-default elementor-section-height-default\" data-id=\"43b5b9d\" data-element_type=\"section\" data-e-type=\"section\" id=\"section_8\">\n\t\t\t\t\t\t<div class=\"elementor-container elementor-column-gap-default\">\n\t\t\t\t\t<div class=\"elementor-column elementor-col-100 elementor-top-column elementor-element elementor-element-61ce0b64\" data-id=\"61ce0b64\" data-element_type=\"column\" data-e-type=\"column\">\n\t\t\t<div class=\"elementor-widget-wrap elementor-element-populated\">\n\t\t\t\t\t\t<div class=\"elementor-element elementor-element-440ffbc6 elementor-widget elementor-widget-premium-addon-banner\" data-id=\"440ffbc6\" data-element_type=\"widget\" data-e-type=\"widget\" data-widget_type=\"premium-addon-banner.default\">\n\t\t\t\t<div class=\"elementor-widget-container\">\n\t\t\t\t\t\t\t<div class=\"premium-banner-ib premium-banner-min-height premium-banner-premium_banner_animation5 grayscale premium-banner__effect-type2\">\r\n\t\t\t\t\t\t\t\t\t\t<img decoding=\"async\" width=\"683\" height=\"384\" data-src=\"https:\/\/www.switchfleet.com\/comp\/uploads\/2019\/01\/Logo-Switch-con-fondo-y-peque\u00f1o.png\" class=\"attachment-full size-full wp-image-54 lazyload\" alt=\"Logo-Switch-con-fondo-y-peque\u00f1o\" data-srcset=\"https:\/\/www.switchfleet.com\/comp\/uploads\/2019\/01\/Logo-Switch-con-fondo-y-peque\u00f1o.png 683w, https:\/\/www.switchfleet.com\/comp\/uploads\/2019\/01\/Logo-Switch-con-fondo-y-peque\u00f1o-300x169.png 300w\" data-sizes=\"(max-width: 683px) 100vw, 683px\" src=\"data:image\/svg+xml;base64,PHN2ZyB3aWR0aD0iMSIgaGVpZ2h0PSIxIiB4bWxucz0iaHR0cDovL3d3dy53My5vcmcvMjAwMC9zdmciPjwvc3ZnPg==\" style=\"--smush-placeholder-width: 683px; --smush-placeholder-aspect-ratio: 683\/384;\" \/>\t\t\t\t\t\t\t\t\t<div class=\"premium-banner-ib-desc\">\r\n\t\t\t\t\r\n\t\t\t\t\r\n\t\t\t\t\t\t\t\t\t<div class=\"premium-banner-ib-content premium_banner_content\">\r\n\t\t\t\t\t\t<p>Descarboniza tu flota<\/p>\t\t\t\t\t<\/div>\r\n\t\t\t\t\r\n\t\t\t\t\r\n\t\t\t\t\t\t\t<\/div>\r\n\t\t\t\t\t<\/div>\r\n\r\n\t\t\t\t\t\t<\/div>\n\t\t\t\t<\/div>\n\t\t\t\t\t<\/div>\n\t\t<\/div>\n\t\t\t\t\t<\/div>\n\t\t<\/section>\n\t\t\t\t<\/div>","protected":false},"excerpt":{"rendered":"<p>Puntos de Recarga en Madrid \u2b07\ufe0f \u00a1Descubre los datos! \u2b07\ufe0f Estaciones de recarga r\u00e1pida de acceso p\u00fablico para veh\u00edculos el\u00e9ctricos Fuente: datos.madrid.es Interact\u00faa t\u00fa mismo con esta herramienta, que usa la tecnolog\u00eda de SwitchFleet y los datos de AEDIVE. AEDIVE es una Asociaci\u00f3n sin \u00e1nimo de lucro, independiente, cuya trayectoria y representaci\u00f3n a trav\u00e9s de [&hellip;]<\/p>\n","protected":false},"author":3,"featured_media":0,"parent":0,"menu_order":0,"comment_status":"closed","ping_status":"closed","template":"elementor_header_footer","meta":{"content-type":"","ocean_post_layout":"","ocean_both_sidebars_style":"","ocean_both_sidebars_content_width":0,"ocean_both_sidebars_sidebars_width":0,"ocean_sidebar":"0","ocean_second_sidebar":"0","ocean_disable_margins":"enable","ocean_add_body_class":"","ocean_shortcode_before_top_bar":"","ocean_shortcode_after_top_bar":"","ocean_shortcode_before_header":"","ocean_shortcode_after_header":"","ocean_has_shortcode":"","ocean_shortcode_after_title":"","ocean_shortcode_before_footer_widgets":"","ocean_shortcode_after_footer_widgets":"","ocean_shortcode_before_footer_bottom":"","ocean_shortcode_after_footer_bottom":"","ocean_display_top_bar":"default","ocean_display_header":"default","ocean_header_style":"","ocean_center_header_left_menu":"0","ocean_custom_header_template":"0","ocean_custom_logo":0,"ocean_custom_retina_logo":0,"ocean_custom_logo_max_width":0,"ocean_custom_logo_tablet_max_width":0,"ocean_custom_logo_mobile_max_width":0,"ocean_custom_logo_max_height":0,"ocean_custom_logo_tablet_max_height":0,"ocean_custom_logo_mobile_max_height":0,"ocean_header_custom_menu":"0","ocean_menu_typo_font_family":"0","ocean_menu_typo_font_subset":"","ocean_menu_typo_font_size":0,"ocean_menu_typo_font_size_tablet":0,"ocean_menu_typo_font_size_mobile":0,"ocean_menu_typo_font_size_unit":"px","ocean_menu_typo_font_weight":"","ocean_menu_typo_font_weight_tablet":"","ocean_menu_typo_font_weight_mobile":"","ocean_menu_typo_transform":"","ocean_menu_typo_transform_tablet":"","ocean_menu_typo_transform_mobile":"","ocean_menu_typo_line_height":0,"ocean_menu_typo_line_height_tablet":0,"ocean_menu_typo_line_height_mobile":0,"ocean_menu_typo_line_height_unit":"","ocean_menu_typo_spacing":0,"ocean_menu_typo_spacing_tablet":0,"ocean_menu_typo_spacing_mobile":0,"ocean_menu_typo_spacing_unit":"","ocean_menu_link_color":"","ocean_menu_link_color_hover":"","ocean_menu_link_color_active":"","ocean_menu_link_background":"","ocean_menu_link_hover_background":"","ocean_menu_link_active_background":"","ocean_menu_social_links_bg":"","ocean_menu_social_hover_links_bg":"","ocean_menu_social_links_color":"","ocean_menu_social_hover_links_color":"","ocean_disable_title":"on","ocean_disable_heading":"default","ocean_post_title":"","ocean_post_subheading":"","ocean_post_title_style":"","ocean_post_title_background_color":"","ocean_post_title_background":0,"ocean_post_title_bg_image_position":"","ocean_post_title_bg_image_attachment":"","ocean_post_title_bg_image_repeat":"","ocean_post_title_bg_image_size":"","ocean_post_title_height":0,"ocean_post_title_bg_overlay":0.5,"ocean_post_title_bg_overlay_color":"","ocean_disable_breadcrumbs":"default","ocean_breadcrumbs_color":"","ocean_breadcrumbs_separator_color":"","ocean_breadcrumbs_links_color":"","ocean_breadcrumbs_links_hover_color":"","ocean_display_footer_widgets":"default","ocean_display_footer_bottom":"default","ocean_custom_footer_template":"0","footnotes":""},"class_list":["post-3013","page","type-page","status-publish","hentry","entry"],"_links":{"self":[{"href":"https:\/\/www.switchfleet.com\/en\/wp-json\/wp\/v2\/pages\/3013","targetHints":{"allow":["GET"]}}],"collection":[{"href":"https:\/\/www.switchfleet.com\/en\/wp-json\/wp\/v2\/pages"}],"about":[{"href":"https:\/\/www.switchfleet.com\/en\/wp-json\/wp\/v2\/types\/page"}],"author":[{"embeddable":true,"href":"https:\/\/www.switchfleet.com\/en\/wp-json\/wp\/v2\/users\/3"}],"replies":[{"embeddable":true,"href":"https:\/\/www.switchfleet.com\/en\/wp-json\/wp\/v2\/comments?post=3013"}],"version-history":[{"count":31,"href":"https:\/\/www.switchfleet.com\/en\/wp-json\/wp\/v2\/pages\/3013\/revisions"}],"predecessor-version":[{"id":3903,"href":"https:\/\/www.switchfleet.com\/en\/wp-json\/wp\/v2\/pages\/3013\/revisions\/3903"}],"wp:attachment":[{"href":"https:\/\/www.switchfleet.com\/en\/wp-json\/wp\/v2\/media?parent=3013"}],"curies":[{"name":"wp","href":"https:\/\/api.w.org\/{rel}","templated":true}]}}