{"id":3223,"date":"2024-06-11T17:46:57","date_gmt":"2024-06-11T17:46:57","guid":{"rendered":"https:\/\/www.switchfleet.com\/?page_id=3223"},"modified":"2024-06-12T14:52:52","modified_gmt":"2024-06-12T14:52:52","slug":"branded-content-copy-2","status":"publish","type":"page","link":"https:\/\/www.switchfleet.com\/en\/branded-content-copy-2\/","title":{"rendered":"Branded content &#8211; Copy"},"content":{"rendered":"<div data-elementor-type=\"wp-post\" data-elementor-id=\"3223\" class=\"elementor elementor-3223\" data-elementor-post-type=\"page\">\n\t\t\t\t\t\t<section class=\"elementor-section elementor-top-section elementor-element elementor-element-444ec666 elementor-section-full_width elementor-section-height-min-height elementor-section-height-default elementor-section-items-middle\" data-id=\"444ec666\" data-element_type=\"section\" data-e-type=\"section\" data-settings=\"{&quot;background_background&quot;:&quot;classic&quot;}\">\n\t\t\t\t\t\t<div class=\"elementor-container elementor-column-gap-default\">\n\t\t\t\t\t<div class=\"elementor-column elementor-col-50 elementor-top-column elementor-element elementor-element-40d50b2f\" data-id=\"40d50b2f\" data-element_type=\"column\" data-e-type=\"column\" data-settings=\"{&quot;background_background&quot;:&quot;classic&quot;}\">\n\t\t\t<div class=\"elementor-widget-wrap elementor-element-populated\">\n\t\t\t\t\t\t<div class=\"elementor-element elementor-element-236bdfef elementor-widget elementor-widget-spacer\" data-id=\"236bdfef\" data-element_type=\"widget\" data-e-type=\"widget\" data-widget_type=\"spacer.default\">\n\t\t\t\t<div class=\"elementor-widget-container\">\n\t\t\t\t\t\t\t<div class=\"elementor-spacer\">\n\t\t\t<div class=\"elementor-spacer-inner\"><\/div>\n\t\t<\/div>\n\t\t\t\t\t\t<\/div>\n\t\t\t\t<\/div>\n\t\t\t\t<div class=\"elementor-element elementor-element-5961e448 animated-slow elementor-invisible elementor-widget elementor-widget-image\" data-id=\"5961e448\" data-element_type=\"widget\" data-e-type=\"widget\" data-settings=\"{&quot;_animation&quot;:&quot;fadeIn&quot;}\" data-widget_type=\"image.default\">\n\t\t\t\t<div class=\"elementor-widget-container\">\n\t\t\t\t\t\t\t\t\t\t\t\t\t\t\t<img fetchpriority=\"high\" decoding=\"async\" width=\"1024\" height=\"576\" src=\"https:\/\/www.switchfleet.com\/comp\/uploads\/2019\/01\/Logo-Switch-negativo-sin-fondo-1024x576.png\" class=\"attachment-large size-large wp-image-77\" alt=\"Logo-Switch-negativo-sin-fondo\" srcset=\"https:\/\/www.switchfleet.com\/comp\/uploads\/2019\/01\/Logo-Switch-negativo-sin-fondo-1024x576.png 1024w, https:\/\/www.switchfleet.com\/comp\/uploads\/2019\/01\/Logo-Switch-negativo-sin-fondo-300x169.png 300w, https:\/\/www.switchfleet.com\/comp\/uploads\/2019\/01\/Logo-Switch-negativo-sin-fondo-768x432.png 768w, https:\/\/www.switchfleet.com\/comp\/uploads\/2019\/01\/Logo-Switch-negativo-sin-fondo.png 1366w\" sizes=\"(max-width: 1024px) 100vw, 1024px\" \/>\t\t\t\t\t\t\t\t\t\t\t\t\t\t\t<\/div>\n\t\t\t\t<\/div>\n\t\t\t\t<div class=\"elementor-element elementor-element-078541c elementor-widget elementor-widget-spacer\" data-id=\"078541c\" data-element_type=\"widget\" data-e-type=\"widget\" data-widget_type=\"spacer.default\">\n\t\t\t\t<div class=\"elementor-widget-container\">\n\t\t\t\t\t\t\t<div class=\"elementor-spacer\">\n\t\t\t<div class=\"elementor-spacer-inner\"><\/div>\n\t\t<\/div>\n\t\t\t\t\t\t<\/div>\n\t\t\t\t<\/div>\n\t\t\t\t<div class=\"elementor-element elementor-element-58c12e50 elementor-invisible elementor-widget elementor-widget-heading\" data-id=\"58c12e50\" data-element_type=\"widget\" data-e-type=\"widget\" data-settings=\"{&quot;_animation_mobile&quot;:&quot;none&quot;,&quot;_animation_delay&quot;:500,&quot;_animation&quot;:&quot;fadeIn&quot;}\" data-widget_type=\"heading.default\">\n\t\t\t\t<div class=\"elementor-widget-container\">\n\t\t\t\t\t<h2 class=\"elementor-heading-title elementor-size-default\">Desaf\u00edo SwitchFleet, o c\u00f3mo descarbonizar las flotas de m\u00e1s de 2.000 PYMEs en  2024\n \n\n<\/h2>\t\t\t\t<\/div>\n\t\t\t\t<\/div>\n\t\t\t\t<div class=\"elementor-element elementor-element-8e4188f elementor-widget elementor-widget-text-editor\" data-id=\"8e4188f\" data-element_type=\"widget\" data-e-type=\"widget\" data-widget_type=\"text-editor.default\">\n\t\t\t\t<div class=\"elementor-widget-container\">\n\t\t\t\t\t\t\t\t\t<h4><span style=\"color: #ffffff;\">Proyecto financiado por fondos Next Generation EU para ayudar a las empresas en su transici\u00f3n hacia una flota m\u00e1s ecol\u00f3gica\u00a0<\/span><\/h4>\t\t\t\t\t\t\t\t<\/div>\n\t\t\t\t<\/div>\n\t\t\t\t<div class=\"elementor-element elementor-element-e2404d1 elementor-widget elementor-widget-image\" data-id=\"e2404d1\" data-element_type=\"widget\" data-e-type=\"widget\" data-widget_type=\"image.default\">\n\t\t\t\t<div class=\"elementor-widget-container\">\n\t\t\t\t\t\t\t\t\t\t\t\t\t\t\t<img decoding=\"async\" width=\"1024\" height=\"90\" data-src=\"https:\/\/www.switchfleet.com\/comp\/uploads\/Con-marco-logos-1024x90.png\" class=\"attachment-large size-large wp-image-2525 lazyload\" alt=\"Con marco-logos\" data-srcset=\"https:\/\/www.switchfleet.com\/comp\/uploads\/\/Con-marco-logos-1024x90.png 1024w, https:\/\/www.switchfleet.com\/comp\/uploads\/\/Con-marco-logos-300x26.png 300w, https:\/\/www.switchfleet.com\/comp\/uploads\/\/Con-marco-logos-768x68.png 768w, https:\/\/www.switchfleet.com\/comp\/uploads\/\/Con-marco-logos-1536x135.png 1536w, https:\/\/www.switchfleet.com\/comp\/uploads\/\/Con-marco-logos-2048x180.png 2048w, https:\/\/www.switchfleet.com\/comp\/uploads\/\/Con-marco-logos-150x13.png 150w\" data-sizes=\"(max-width: 1024px) 100vw, 1024px\" src=\"data:image\/svg+xml;base64,PHN2ZyB3aWR0aD0iMSIgaGVpZ2h0PSIxIiB4bWxucz0iaHR0cDovL3d3dy53My5vcmcvMjAwMC9zdmciPjwvc3ZnPg==\" style=\"--smush-placeholder-width: 1024px; --smush-placeholder-aspect-ratio: 1024\/90;\" \/>\t\t\t\t\t\t\t\t\t\t\t\t\t\t\t<\/div>\n\t\t\t\t<\/div>\n\t\t\t\t\t<\/div>\n\t\t<\/div>\n\t\t\t\t<div class=\"elementor-column elementor-col-50 elementor-top-column elementor-element elementor-element-723f4f66 elementor-hidden-mobile\" data-id=\"723f4f66\" data-element_type=\"column\" data-e-type=\"column\" data-settings=\"{&quot;background_background&quot;:&quot;classic&quot;,&quot;animation_mobile&quot;:&quot;none&quot;}\">\n\t\t\t<div class=\"elementor-widget-wrap elementor-element-populated\">\n\t\t\t\t\t<div class=\"elementor-background-overlay\"><\/div>\n\t\t\t\t\t\t<div class=\"elementor-element elementor-element-3a7a47a elementor-widget elementor-widget-spacer\" data-id=\"3a7a47a\" data-element_type=\"widget\" data-e-type=\"widget\" data-widget_type=\"spacer.default\">\n\t\t\t\t<div class=\"elementor-widget-container\">\n\t\t\t\t\t\t\t<div class=\"elementor-spacer\">\n\t\t\t<div class=\"elementor-spacer-inner\"><\/div>\n\t\t<\/div>\n\t\t\t\t\t\t<\/div>\n\t\t\t\t<\/div>\n\t\t\t\t\t<\/div>\n\t\t<\/div>\n\t\t\t\t\t<\/div>\n\t\t<\/section>\n\t\t\t\t<section class=\"elementor-section elementor-top-section elementor-element elementor-element-b720cdb elementor-section-content-middle elementor-section-boxed elementor-section-height-default elementor-section-height-default\" data-id=\"b720cdb\" data-element_type=\"section\" data-e-type=\"section\" data-settings=\"{&quot;background_background&quot;:&quot;classic&quot;}\">\n\t\t\t\t\t\t\t<div class=\"elementor-background-overlay\"><\/div>\n\t\t\t\t\t\t\t<div class=\"elementor-container elementor-column-gap-no\">\n\t\t\t\t\t<div class=\"elementor-column elementor-col-100 elementor-top-column elementor-element elementor-element-ca4c0c8\" data-id=\"ca4c0c8\" data-element_type=\"column\" data-e-type=\"column\">\n\t\t\t<div class=\"elementor-widget-wrap elementor-element-populated\">\n\t\t\t\t\t\t<div class=\"elementor-element elementor-element-3d37518 elementor-widget__width-initial elementor-widget elementor-widget-heading\" data-id=\"3d37518\" data-element_type=\"widget\" data-e-type=\"widget\" data-widget_type=\"heading.default\">\n\t\t\t\t<div class=\"elementor-widget-container\">\n\t\t\t\t\t<h3 class=\"elementor-heading-title elementor-size-default\">Decarbonisation of transport: do any liability or obligation?<\/h3>\t\t\t\t<\/div>\n\t\t\t\t<\/div>\n\t\t\t\t\t<\/div>\n\t\t<\/div>\n\t\t\t\t\t<\/div>\n\t\t<\/section>\n\t\t\t\t<section class=\"elementor-section elementor-top-section elementor-element elementor-element-e37de9a elementor-section-boxed elementor-section-height-default elementor-section-height-default\" data-id=\"e37de9a\" data-element_type=\"section\" data-e-type=\"section\" data-settings=\"{&quot;background_background&quot;:&quot;classic&quot;}\">\n\t\t\t\t\t\t\t<div class=\"elementor-background-overlay\"><\/div>\n\t\t\t\t\t\t\t<div class=\"elementor-container elementor-column-gap-default\">\n\t\t\t\t\t<div class=\"elementor-column elementor-col-100 elementor-top-column elementor-element elementor-element-352f98b\" data-id=\"352f98b\" data-element_type=\"column\" data-e-type=\"column\">\n\t\t\t<div class=\"elementor-widget-wrap elementor-element-populated\">\n\t\t\t\t\t\t<div class=\"elementor-element elementor-element-a8c8cb7 elementor-widget__width-initial elementor-widget elementor-widget-text-editor\" data-id=\"a8c8cb7\" data-element_type=\"widget\" data-e-type=\"widget\" data-widget_type=\"text-editor.default\">\n\t\t\t\t<div class=\"elementor-widget-container\">\n\t\t\t\t\t\t\t\t\t<p><span style=\"color: #ffffff;\"><span style=\"font-style: inherit; font-weight: inherit;\">\u00a0Road transport consumes about 39% of the final energy of the country and is, for many companies the bulk of their carbon footprint.\u00a0<\/span><span style=\"font-size: 17px;\">It is, therefore, one of the major contributors to the emissions of greenhouse gases <\/span><span style=\"font-family: Aptos, sans-serif; font-size: medium;\"><span style=\"caret-color: #000000;\">and other pollutants in the air, which not only accelerate the climate change but are estimated to be responsible for more than 20,000 premature deaths, according to the European Environment Agency.<\/span><\/span><\/span><\/p><p><span style=\"font-style: inherit; font-weight: inherit; color: #ffffff;\">In response to this situation,\u00a0<b><strong style=\"font-style: inherit;\">la descarbonizaci\u00f3n del transporte es crucial<\/strong><\/b> para alcanzar la meta de neutralidad clim\u00e1tica en la econom\u00eda para 2050, con ese objetivo,<strong> l<\/strong><\/span><b style=\"font-size: 17px;\"><strong>a new Policy<\/strong><\/b><span style=\"font-size: 17px;\">\u00a0european report on Sustainability (CSRD)\u00a0<\/span><b style=\"font-size: 17px;\"><strong>obliga a ma\u0301s de 50.000 empresas europeas a reportar asuntos ESG.\u00a0<\/strong><\/b><\/p><p><span style=\"font-style: inherit; font-weight: inherit; color: #ffffff;\">Esta obligaci\u00f3n que se impone a algunas empresas sobre el reporte de su alcance 3, afecta la necesidad \u00a0del resto para reducir su impacto de emisiones en su calidad de proveedores de bienes y servicios.<\/span><\/p>\t\t\t\t\t\t\t\t<\/div>\n\t\t\t\t<\/div>\n\t\t\t\t<div class=\"elementor-element elementor-element-812d425 elementor-widget elementor-widget-spacer\" data-id=\"812d425\" data-element_type=\"widget\" data-e-type=\"widget\" data-widget_type=\"spacer.default\">\n\t\t\t\t<div class=\"elementor-widget-container\">\n\t\t\t\t\t\t\t<div class=\"elementor-spacer\">\n\t\t\t<div class=\"elementor-spacer-inner\"><\/div>\n\t\t<\/div>\n\t\t\t\t\t\t<\/div>\n\t\t\t\t<\/div>\n\t\t\t\t\t<\/div>\n\t\t<\/div>\n\t\t\t\t\t<\/div>\n\t\t<\/section>\n\t\t\t\t<section class=\"elementor-section elementor-top-section elementor-element elementor-element-5c4fcd7 elementor-section-boxed elementor-section-height-default elementor-section-height-default\" data-id=\"5c4fcd7\" data-element_type=\"section\" data-e-type=\"section\" data-settings=\"{&quot;background_background&quot;:&quot;classic&quot;}\">\n\t\t\t\t\t\t\t<div class=\"elementor-background-overlay\"><\/div>\n\t\t\t\t\t\t\t<div class=\"elementor-container elementor-column-gap-default\">\n\t\t\t\t\t<div class=\"elementor-column elementor-col-100 elementor-top-column elementor-element elementor-element-7463158\" data-id=\"7463158\" data-element_type=\"column\" data-e-type=\"column\">\n\t\t\t<div class=\"elementor-widget-wrap elementor-element-populated\">\n\t\t\t\t\t\t<div class=\"elementor-element elementor-element-d3b0759 elementor-widget__width-initial elementor-widget elementor-widget-heading\" data-id=\"d3b0759\" data-element_type=\"widget\" data-e-type=\"widget\" data-widget_type=\"heading.default\">\n\t\t\t\t<div class=\"elementor-widget-container\">\n\t\t\t\t\t<h3 class=\"elementor-heading-title elementor-size-default translation-block\">How to <b>master the transition effectively<\/b>?<\/h3>\t\t\t\t<\/div>\n\t\t\t\t<\/div>\n\t\t\t\t<div class=\"elementor-element elementor-element-c01403d elementor-widget elementor-widget-spacer\" data-id=\"c01403d\" data-element_type=\"widget\" data-e-type=\"widget\" data-widget_type=\"spacer.default\">\n\t\t\t\t<div class=\"elementor-widget-container\">\n\t\t\t\t\t\t\t<div class=\"elementor-spacer\">\n\t\t\t<div class=\"elementor-spacer-inner\"><\/div>\n\t\t<\/div>\n\t\t\t\t\t\t<\/div>\n\t\t\t\t<\/div>\n\t\t\t\t<div class=\"elementor-element elementor-element-648d957 elementor-widget__width-initial elementor-widget elementor-widget-image\" data-id=\"648d957\" data-element_type=\"widget\" data-e-type=\"widget\" data-widget_type=\"image.default\">\n\t\t\t\t<div class=\"elementor-widget-container\">\n\t\t\t\t\t\t\t\t\t\t\t\t\t\t\t<img decoding=\"async\" width=\"904\" height=\"440\" data-src=\"https:\/\/www.switchfleet.com\/comp\/uploads\/Picture-1.png\" class=\"attachment-large size-large wp-image-3199 lazyload\" alt=\"Picture 1\" data-srcset=\"https:\/\/www.switchfleet.com\/comp\/uploads\/Picture-1.png 904w, https:\/\/www.switchfleet.com\/comp\/uploads\/Picture-1-300x146.png 300w, https:\/\/www.switchfleet.com\/comp\/uploads\/Picture-1-768x374.png 768w\" data-sizes=\"(max-width: 904px) 100vw, 904px\" src=\"data:image\/svg+xml;base64,PHN2ZyB3aWR0aD0iMSIgaGVpZ2h0PSIxIiB4bWxucz0iaHR0cDovL3d3dy53My5vcmcvMjAwMC9zdmciPjwvc3ZnPg==\" style=\"--smush-placeholder-width: 904px; --smush-placeholder-aspect-ratio: 904\/440;\" \/>\t\t\t\t\t\t\t\t\t\t\t\t\t\t\t<\/div>\n\t\t\t\t<\/div>\n\t\t\t\t<div class=\"elementor-element elementor-element-f74b818 elementor-widget elementor-widget-text-editor\" data-id=\"f74b818\" data-element_type=\"widget\" data-e-type=\"widget\" data-widget_type=\"text-editor.default\">\n\t\t\t\t<div class=\"elementor-widget-container\">\n\t\t\t\t\t\t\t\t\t<p><span style=\"color: #ffffff;\">En un escenario caracterizado por el cambio constante (cambios de legislaci\u00f3n, irrupci\u00f3n de nuevos veh\u00edculos, mejora constante de las tecnolog\u00edas, nuevos combustibles, etc) \u00a0<b>los m\u00e9todos tradicionales de toma de decisi\u00f3n se han quedado obsoletos:\u00a0<\/b>representan demasiadas variables a considerar para garantizar la viabilidad de la transici\u00f3n sin perjudicar la operativa \u00f3ptima de la flota.<\/span><\/p>\t\t\t\t\t\t\t\t<\/div>\n\t\t\t\t<\/div>\n\t\t\t\t\t<\/div>\n\t\t<\/div>\n\t\t\t\t\t<\/div>\n\t\t<\/section>\n\t\t\t\t<section class=\"elementor-section elementor-top-section elementor-element elementor-element-7182dea elementor-section-boxed elementor-section-height-default elementor-section-height-default\" data-id=\"7182dea\" data-element_type=\"section\" data-e-type=\"section\" data-settings=\"{&quot;background_background&quot;:&quot;classic&quot;}\">\n\t\t\t\t\t\t\t<div class=\"elementor-background-overlay\"><\/div>\n\t\t\t\t\t\t\t<div class=\"elementor-container elementor-column-gap-default\">\n\t\t\t\t\t<div class=\"elementor-column elementor-col-100 elementor-top-column elementor-element elementor-element-7536dbf\" data-id=\"7536dbf\" data-element_type=\"column\" data-e-type=\"column\">\n\t\t\t<div class=\"elementor-widget-wrap elementor-element-populated\">\n\t\t\t\t\t\t<div class=\"elementor-element elementor-element-5524f36 elementor-widget elementor-widget-text-editor\" data-id=\"5524f36\" data-element_type=\"widget\" data-e-type=\"widget\" data-widget_type=\"text-editor.default\">\n\t\t\t\t<div class=\"elementor-widget-container\">\n\t\t\t\t\t\t\t\t\t<p style=\"font-weight: 400;\"><span style=\"font-style: inherit; font-weight: inherit;\">The project <i><em style=\"font-weight: inherit;\">SwitchFleet,\u00a0<\/em><\/i>financed by funds <em>Next Generation EU<\/em>,\u00a0<b><strong style=\"font-style: inherit;\">puts within the reach of Smes the possibility of carrying out an efficient transition and as<\/strong><\/b>, garantizando una transici\u00f3n sostenible y sin contratiempos.<\/span><\/p><p style=\"font-weight: 400;\"><span style=\"font-style: inherit; font-weight: inherit;\">Thanks to the power that gives us the<em> Artificial intelligence, Big Data and Advanced Analytics,<\/em> can be simulated, all journeys of the fleet of a company with all cars on the european market, which enables us to offer custom solutions\u00a0<b><strong style=\"font-style: inherit;\">que se ajustan perfectamente a los presupuestos y necesidades operativas de cada empresa.<\/strong><\/b><\/span><\/p><p style=\"font-weight: 400;\"><span style=\"font-style: inherit; font-weight: inherit;\"><strong>For managers and fleet managers,\u00a0<\/strong><b><strong style=\"font-style: inherit;\">esta es una oportunidad \u00fanica:\u00a0<\/strong><\/b>Take advantage of the funding available and to develop a transition plan using the most advanced technology can make the difference between a successful transformation and a path full of obstacles.\u00a0<\/span><\/p>\t\t\t\t\t\t\t\t<\/div>\n\t\t\t\t<\/div>\n\t\t\t\t<div class=\"elementor-element elementor-element-9cd6bf7 elementor-invisible elementor-widget elementor-widget-image\" data-id=\"9cd6bf7\" data-element_type=\"widget\" data-e-type=\"widget\" data-settings=\"{&quot;_animation&quot;:&quot;fadeIn&quot;}\" data-widget_type=\"image.default\">\n\t\t\t\t<div class=\"elementor-widget-container\">\n\t\t\t\t\t\t\t\t\t\t\t\t\t\t\t<img decoding=\"async\" width=\"1024\" height=\"494\" data-src=\"https:\/\/www.switchfleet.com\/comp\/uploads\/4-1024x494.png\" class=\"attachment-large size-large wp-image-2414 lazyload\" alt=\"4\" data-srcset=\"https:\/\/www.switchfleet.com\/comp\/uploads\/\/4-1024x494.png 1024w, https:\/\/www.switchfleet.com\/comp\/uploads\/\/4-300x145.png 300w, https:\/\/www.switchfleet.com\/comp\/uploads\/\/4-768x370.png 768w, https:\/\/www.switchfleet.com\/comp\/uploads\/\/4-1536x740.png 1536w, https:\/\/www.switchfleet.com\/comp\/uploads\/\/4-2048x987.png 2048w, https:\/\/www.switchfleet.com\/comp\/uploads\/\/4-150x72.png 150w\" data-sizes=\"(max-width: 1024px) 100vw, 1024px\" src=\"data:image\/svg+xml;base64,PHN2ZyB3aWR0aD0iMSIgaGVpZ2h0PSIxIiB4bWxucz0iaHR0cDovL3d3dy53My5vcmcvMjAwMC9zdmciPjwvc3ZnPg==\" style=\"--smush-placeholder-width: 1024px; --smush-placeholder-aspect-ratio: 1024\/494;\" \/>\t\t\t\t\t\t\t\t\t\t\t\t\t\t\t<\/div>\n\t\t\t\t<\/div>\n\t\t\t\t\t<\/div>\n\t\t<\/div>\n\t\t\t\t\t<\/div>\n\t\t<\/section>\n\t\t\t\t<section class=\"elementor-section elementor-top-section elementor-element elementor-element-7e62c1a2 elementor-section-height-min-height elementor-section-content-middle elementor-section-boxed elementor-section-height-default elementor-section-items-middle\" data-id=\"7e62c1a2\" data-element_type=\"section\" data-e-type=\"section\" id=\"section_2\" data-settings=\"{&quot;background_background&quot;:&quot;classic&quot;,&quot;shape_divider_top&quot;:&quot;tilt&quot;}\">\n\t\t\t\t\t\t\t<div class=\"elementor-background-overlay\"><\/div>\n\t\t\t\t\t\t<div class=\"elementor-shape elementor-shape-top\" aria-hidden=\"true\" data-negative=\"false\">\n\t\t\t<svg xmlns=\"http:\/\/www.w3.org\/2000\/svg\" viewbox=\"0 0 1000 100\" preserveaspectratio=\"none\">\n\t<path class=\"elementor-shape-fill\" d=\"M0,6V0h1000v100L0,6z\"\/>\n<\/svg>\t\t<\/div>\n\t\t\t\t\t<div class=\"elementor-container elementor-column-gap-no\">\n\t\t\t\t\t<div class=\"elementor-column elementor-col-100 elementor-top-column elementor-element elementor-element-5085ba6d\" data-id=\"5085ba6d\" data-element_type=\"column\" data-e-type=\"column\">\n\t\t\t<div class=\"elementor-widget-wrap elementor-element-populated\">\n\t\t\t\t\t\t<div class=\"elementor-element elementor-element-5617349 elementor-widget elementor-widget-text-editor\" data-id=\"5617349\" data-element_type=\"widget\" data-e-type=\"widget\" data-widget_type=\"text-editor.default\">\n\t\t\t\t<div class=\"elementor-widget-container\">\n\t\t\t\t\t\t\t\t\t<p><strong>Challenge SwitchFleet<\/strong><\/p><p><span style=\"text-decoration: underline;\">Solic\u00edtalo<\/span> hasta el 31 de enero de 2025<\/p><h2><span style=\"caret-color: #f5df1b; color: #f5df1b; font-family: Roboto, sans-serif; font-size: 14px; font-style: normal; font-variant-caps: normal;\">www.switchfleet.com\/switch2eco<\/span><\/h2>\t\t\t\t\t\t\t\t<\/div>\n\t\t\t\t<\/div>\n\t\t\t\t\t<\/div>\n\t\t<\/div>\n\t\t\t\t\t<\/div>\n\t\t<\/section>\n\t\t\t\t<\/div>","protected":false},"excerpt":{"rendered":"<p>Desaf\u00edo SwitchFleet, o c\u00f3mo descarbonizar las flotas de m\u00e1s de 2.000 PYMEs en 2024 Proyecto financiado por fondos Next Generation EU para ayudar a las empresas en su transici\u00f3n hacia una flota m\u00e1s ecol\u00f3gica\u00a0 Descarbonizaci\u00f3n del transporte: \u00bfresponsabilidad u obligaci\u00f3n? \u00a0El transporte por carretera consume alrededor del 39% de la energ\u00eda final del pa\u00eds y [&hellip;]<\/p>\n","protected":false},"author":4,"featured_media":0,"parent":0,"menu_order":0,"comment_status":"closed","ping_status":"closed","template":"","meta":{"content-type":"","ocean_post_layout":"full-screen","ocean_both_sidebars_style":"","ocean_both_sidebars_content_width":0,"ocean_both_sidebars_sidebars_width":0,"ocean_sidebar":"0","ocean_second_sidebar":"0","ocean_disable_margins":"enable","ocean_add_body_class":"","ocean_shortcode_before_top_bar":"","ocean_shortcode_after_top_bar":"","ocean_shortcode_before_header":"","ocean_shortcode_after_header":"","ocean_has_shortcode":"","ocean_shortcode_after_title":"","ocean_shortcode_before_footer_widgets":"","ocean_shortcode_after_footer_widgets":"","ocean_shortcode_before_footer_bottom":"","ocean_shortcode_after_footer_bottom":"","ocean_display_top_bar":"default","ocean_display_header":"default","ocean_header_style":"","ocean_center_header_left_menu":"0","ocean_custom_header_template":"0","ocean_custom_logo":0,"ocean_custom_retina_logo":0,"ocean_custom_logo_max_width":0,"ocean_custom_logo_tablet_max_width":0,"ocean_custom_logo_mobile_max_width":0,"ocean_custom_logo_max_height":0,"ocean_custom_logo_tablet_max_height":0,"ocean_custom_logo_mobile_max_height":0,"ocean_header_custom_menu":"0","ocean_menu_typo_font_family":"0","ocean_menu_typo_font_subset":"","ocean_menu_typo_font_size":0,"ocean_menu_typo_font_size_tablet":0,"ocean_menu_typo_font_size_mobile":0,"ocean_menu_typo_font_size_unit":"px","ocean_menu_typo_font_weight":"","ocean_menu_typo_font_weight_tablet":"","ocean_menu_typo_font_weight_mobile":"","ocean_menu_typo_transform":"","ocean_menu_typo_transform_tablet":"","ocean_menu_typo_transform_mobile":"","ocean_menu_typo_line_height":0,"ocean_menu_typo_line_height_tablet":0,"ocean_menu_typo_line_height_mobile":0,"ocean_menu_typo_line_height_unit":"","ocean_menu_typo_spacing":0,"ocean_menu_typo_spacing_tablet":0,"ocean_menu_typo_spacing_mobile":0,"ocean_menu_typo_spacing_unit":"","ocean_menu_link_color":"","ocean_menu_link_color_hover":"","ocean_menu_link_color_active":"","ocean_menu_link_background":"","ocean_menu_link_hover_background":"","ocean_menu_link_active_background":"","ocean_menu_social_links_bg":"","ocean_menu_social_hover_links_bg":"","ocean_menu_social_links_color":"","ocean_menu_social_hover_links_color":"","ocean_disable_title":"on","ocean_disable_heading":"default","ocean_post_title":"","ocean_post_subheading":"","ocean_post_title_style":"","ocean_post_title_background_color":"","ocean_post_title_background":0,"ocean_post_title_bg_image_position":"","ocean_post_title_bg_image_attachment":"","ocean_post_title_bg_image_repeat":"","ocean_post_title_bg_image_size":"","ocean_post_title_height":0,"ocean_post_title_bg_overlay":0.5,"ocean_post_title_bg_overlay_color":"","ocean_disable_breadcrumbs":"default","ocean_breadcrumbs_color":"","ocean_breadcrumbs_separator_color":"","ocean_breadcrumbs_links_color":"","ocean_breadcrumbs_links_hover_color":"","ocean_display_footer_widgets":"default","ocean_display_footer_bottom":"default","ocean_custom_footer_template":"0","footnotes":""},"class_list":["post-3223","page","type-page","status-publish","hentry","entry"],"_links":{"self":[{"href":"https:\/\/www.switchfleet.com\/en\/wp-json\/wp\/v2\/pages\/3223","targetHints":{"allow":["GET"]}}],"collection":[{"href":"https:\/\/www.switchfleet.com\/en\/wp-json\/wp\/v2\/pages"}],"about":[{"href":"https:\/\/www.switchfleet.com\/en\/wp-json\/wp\/v2\/types\/page"}],"author":[{"embeddable":true,"href":"https:\/\/www.switchfleet.com\/en\/wp-json\/wp\/v2\/users\/4"}],"replies":[{"embeddable":true,"href":"https:\/\/www.switchfleet.com\/en\/wp-json\/wp\/v2\/comments?post=3223"}],"version-history":[{"count":99,"href":"https:\/\/www.switchfleet.com\/en\/wp-json\/wp\/v2\/pages\/3223\/revisions"}],"predecessor-version":[{"id":3528,"href":"https:\/\/www.switchfleet.com\/en\/wp-json\/wp\/v2\/pages\/3223\/revisions\/3528"}],"wp:attachment":[{"href":"https:\/\/www.switchfleet.com\/en\/wp-json\/wp\/v2\/media?parent=3223"}],"curies":[{"name":"wp","href":"https:\/\/api.w.org\/{rel}","templated":true}]}}