{"id":4352,"date":"2024-09-02T14:16:49","date_gmt":"2024-09-02T14:16:49","guid":{"rendered":"https:\/\/www.switchfleet.com\/?page_id=4352"},"modified":"2024-09-02T14:18:11","modified_gmt":"2024-09-02T14:18:11","slug":"catalogo-y-recarga-pbi","status":"publish","type":"page","link":"https:\/\/www.switchfleet.com\/en\/catalogo-y-recarga-pbi\/","title":{"rendered":"Cat\u00e1logo y Recarga &#8211; PBI"},"content":{"rendered":"<div data-elementor-type=\"wp-page\" data-elementor-id=\"4352\" class=\"elementor elementor-4352\" data-elementor-post-type=\"page\">\n\t\t\t\t\t\t<section class=\"elementor-section elementor-top-section elementor-element elementor-element-ba4a5c4 elementor-section-height-min-height elementor-section-content-middle elementor-section-full_width elementor-section-height-default elementor-section-items-middle\" data-id=\"ba4a5c4\" data-element_type=\"section\" data-e-type=\"section\" data-settings=\"{&quot;background_background&quot;:&quot;classic&quot;}\">\n\t\t\t\t\t\t<div class=\"elementor-container elementor-column-gap-default\">\n\t\t\t\t\t<div class=\"elementor-column elementor-col-100 elementor-top-column elementor-element elementor-element-219ad7c\" data-id=\"219ad7c\" data-element_type=\"column\" data-e-type=\"column\">\n\t\t\t<div class=\"elementor-widget-wrap elementor-element-populated\">\n\t\t\t\t\t\t<section class=\"elementor-section elementor-inner-section elementor-element elementor-element-d199e7d elementor-reverse-mobile elementor-section-boxed elementor-section-height-default elementor-section-height-default\" data-id=\"d199e7d\" data-element_type=\"section\" data-e-type=\"section\">\n\t\t\t\t\t\t<div class=\"elementor-container elementor-column-gap-default\">\n\t\t\t\t\t<div class=\"elementor-column elementor-col-33 elementor-inner-column elementor-element elementor-element-0a4ea59\" data-id=\"0a4ea59\" data-element_type=\"column\" data-e-type=\"column\">\n\t\t\t<div class=\"elementor-widget-wrap\">\n\t\t\t\t\t\t\t<\/div>\n\t\t<\/div>\n\t\t\t\t<div class=\"elementor-column elementor-col-33 elementor-inner-column elementor-element elementor-element-e5beaf4\" data-id=\"e5beaf4\" data-element_type=\"column\" data-e-type=\"column\">\n\t\t\t<div class=\"elementor-widget-wrap elementor-element-populated\">\n\t\t\t\t\t\t<div class=\"elementor-element elementor-element-4892e2e elementor-widget elementor-widget-heading\" data-id=\"4892e2e\" data-element_type=\"widget\" data-e-type=\"widget\" data-widget_type=\"heading.default\">\n\t\t\t\t<div class=\"elementor-widget-container\">\n\t\t\t\t\t<h2 class=\"elementor-heading-title elementor-size-default\">Cat\u00e1logo y <strong>Recarga VE's<\/strong><\/h2>\t\t\t\t<\/div>\n\t\t\t\t<\/div>\n\t\t\t\t<div class=\"elementor-element elementor-element-8c50686 elementor-widget elementor-widget-text-editor\" data-id=\"8c50686\" data-element_type=\"widget\" data-e-type=\"widget\" data-widget_type=\"text-editor.default\">\n\t\t\t\t<div class=\"elementor-widget-container\">\n\t\t\t\t\t\t\t\t\t<p>Accede a nuestro<strong> Cat\u00e1logo de Prestaciones y Puntos de Recarga de Veh\u00edculos El\u00e9ctricos <\/strong>(VE&#8217;s).<\/p>\t\t\t\t\t\t\t\t<\/div>\n\t\t\t\t<\/div>\n\t\t\t\t\t<\/div>\n\t\t<\/div>\n\t\t\t\t<div class=\"elementor-column elementor-col-33 elementor-inner-column elementor-element elementor-element-f219844\" data-id=\"f219844\" data-element_type=\"column\" data-e-type=\"column\">\n\t\t\t<div class=\"elementor-widget-wrap elementor-element-populated\">\n\t\t\t\t\t\t<div class=\"elementor-element elementor-element-f65e3f5 elementor-widget elementor-widget-image\" data-id=\"f65e3f5\" data-element_type=\"widget\" data-e-type=\"widget\" data-widget_type=\"image.default\">\n\t\t\t\t<div class=\"elementor-widget-container\">\n\t\t\t\t\t\t\t\t\t\t\t\t\t\t\t<img fetchpriority=\"high\" decoding=\"async\" width=\"1024\" height=\"282\" src=\"https:\/\/www.switchfleet.com\/comp\/uploads\/2019\/01\/cropped-Logo-Switch_cabecera-1024x282.png\" class=\"attachment-large size-large wp-image-14\" alt=\"cropped-Logo-Switch_cabecera.png\" srcset=\"https:\/\/www.switchfleet.com\/comp\/uploads\/2019\/01\/cropped-Logo-Switch_cabecera-1024x282.png 1024w, https:\/\/www.switchfleet.com\/comp\/uploads\/2019\/01\/cropped-Logo-Switch_cabecera-300x83.png 300w, https:\/\/www.switchfleet.com\/comp\/uploads\/2019\/01\/cropped-Logo-Switch_cabecera-768x211.png 768w, https:\/\/www.switchfleet.com\/comp\/uploads\/2019\/01\/cropped-Logo-Switch_cabecera.png 1366w\" sizes=\"(max-width: 1024px) 100vw, 1024px\" \/>\t\t\t\t\t\t\t\t\t\t\t\t\t\t\t<\/div>\n\t\t\t\t<\/div>\n\t\t\t\t\t<\/div>\n\t\t<\/div>\n\t\t\t\t\t<\/div>\n\t\t<\/section>\n\t\t\t\t<div class=\"elementor-element elementor-element-c28ff16 elementor-hidden-mobile elementor-widget elementor-widget-html\" data-id=\"c28ff16\" data-element_type=\"widget\" data-e-type=\"widget\" data-widget_type=\"html.default\">\n\t\t\t\t<div class=\"elementor-widget-container\">\n\t\t\t\t\t<iframe title=\"AEDIVE - SWITCH - Puntos de Recarga\" width=\"600\" height=\"650\" data-src=\"https:\/\/app.powerbi.com\/view?r=eyJrIjoiMjg3YTA1ZjYtYTJmYS00MGI3LWI1MWMtMWJkNTI5OTUyMTQ0IiwidCI6ImJiYjEzOGJhLWZjMDYtNDM2ZS04ODhlLTAyYmVjMzFlYTIzYSIsImMiOjl9\" frameborder=\"0\" allowfullscreen=\"true\" src=\"data:image\/svg+xml;base64,PHN2ZyB3aWR0aD0iMSIgaGVpZ2h0PSIxIiB4bWxucz0iaHR0cDovL3d3dy53My5vcmcvMjAwMC9zdmciPjwvc3ZnPg==\" class=\"lazyload\" data-load-mode=\"1\"><\/iframe>\t\t\t\t<\/div>\n\t\t\t\t<\/div>\n\t\t\t\t<div class=\"elementor-element elementor-element-a6392b2 elementor-hidden-desktop elementor-hidden-tablet elementor-widget elementor-widget-html\" data-id=\"a6392b2\" data-element_type=\"widget\" data-e-type=\"widget\" data-widget_type=\"html.default\">\n\t\t\t\t<div class=\"elementor-widget-container\">\n\t\t\t\t\t<iframe title=\"Report Section\" width=\"600\" height=\"250\" data-src=\"https:\/\/app.powerbi.com\/view?r=eyJrIjoiMjg3YTA1ZjYtYTJmYS00MGI3LWI1MWMtMWJkNTI5OTUyMTQ0IiwidCI6ImJiYjEzOGJhLWZjMDYtNDM2ZS04ODhlLTAyYmVjMzFlYTIzYSIsImMiOjl9\"\" frameborder=\"0\" allowfullscreen=\"true\" src=\"data:image\/svg+xml;base64,PHN2ZyB3aWR0aD0iMSIgaGVpZ2h0PSIxIiB4bWxucz0iaHR0cDovL3d3dy53My5vcmcvMjAwMC9zdmciPjwvc3ZnPg==\" class=\"lazyload\" data-load-mode=\"1\"><\/iframe>\t\t\t\t<\/div>\n\t\t\t\t<\/div>\n\t\t\t\t<div class=\"elementor-element elementor-element-de562a4 elementor-widget elementor-widget-text-editor\" data-id=\"de562a4\" data-element_type=\"widget\" data-e-type=\"widget\" data-widget_type=\"text-editor.default\">\n\t\t\t\t<div class=\"elementor-widget-container\">\n\t\t\t\t\t\t\t\t\t<p><span style=\"font-size: 16px; color: var( --e-global-color-text );\">Interact\u00faa t\u00fa mismo con esta herramienta, que usa la tecnolog\u00eda de <b>SwitchFleet <\/b>y los datos de <b>AEDIVE<\/b>.<\/span><br><\/p>\t\t\t\t\t\t\t\t<\/div>\n\t\t\t\t<\/div>\n\t\t\t\t\t<\/div>\n\t\t<\/div>\n\t\t\t\t\t<\/div>\n\t\t<\/section>\n\t\t\t\t<section class=\"elementor-section elementor-top-section elementor-element elementor-element-75c6559d elementor-section-boxed elementor-section-height-default elementor-section-height-default\" data-id=\"75c6559d\" data-element_type=\"section\" data-e-type=\"section\" data-settings=\"{&quot;background_background&quot;:&quot;classic&quot;}\">\n\t\t\t\t\t\t<div class=\"elementor-container elementor-column-gap-default\">\n\t\t\t\t\t<div class=\"elementor-column elementor-col-50 elementor-top-column elementor-element elementor-element-2fa0d1c8\" data-id=\"2fa0d1c8\" data-element_type=\"column\" data-e-type=\"column\">\n\t\t\t<div class=\"elementor-widget-wrap elementor-element-populated\">\n\t\t\t\t\t\t<div class=\"elementor-element elementor-element-5c293188 elementor-widget elementor-widget-menu-anchor\" data-id=\"5c293188\" data-element_type=\"widget\" data-e-type=\"widget\" data-widget_type=\"menu-anchor.default\">\n\t\t\t\t<div class=\"elementor-widget-container\">\n\t\t\t\t\t\t\t<div class=\"elementor-menu-anchor\" id=\"contacto\"><\/div>\n\t\t\t\t\t\t<\/div>\n\t\t\t\t<\/div>\n\t\t\t\t<div class=\"elementor-element elementor-element-624be78d elementor-widget elementor-widget-heading\" data-id=\"624be78d\" data-element_type=\"widget\" data-e-type=\"widget\" data-widget_type=\"heading.default\">\n\t\t\t\t<div class=\"elementor-widget-container\">\n\t\t\t\t\t<h2 class=\"elementor-heading-title elementor-size-default\">Join the challenge<\/h2>\t\t\t\t<\/div>\n\t\t\t\t<\/div>\n\t\t\t\t<section class=\"elementor-section elementor-inner-section elementor-element elementor-element-7202dd45 elementor-section-boxed elementor-section-height-default elementor-section-height-default\" data-id=\"7202dd45\" data-element_type=\"section\" data-e-type=\"section\" data-settings=\"{&quot;background_background&quot;:&quot;classic&quot;}\">\n\t\t\t\t\t\t<div class=\"elementor-container elementor-column-gap-default\">\n\t\t\t\t\t<div class=\"elementor-column elementor-col-100 elementor-inner-column elementor-element elementor-element-42062a89\" data-id=\"42062a89\" data-element_type=\"column\" data-e-type=\"column\" data-settings=\"{&quot;background_background&quot;:&quot;classic&quot;}\">\n\t\t\t<div class=\"elementor-widget-wrap elementor-element-populated\">\n\t\t\t\t\t\t<div class=\"elementor-element elementor-element-786006dc elementor-widget elementor-widget-hubspot-form\" data-id=\"786006dc\" data-element_type=\"widget\" data-e-type=\"widget\" data-widget_type=\"hubspot-form.default\">\n\t\t\t\t<div class=\"elementor-widget-container\">\n\t\t\t\t\t\n\t\t\t\t\t\t<script>\n\t\t\t\t\t\t\twindow.hsFormsOnReady = window.hsFormsOnReady || [];\n\t\t\t\t\t\t\twindow.hsFormsOnReady.push(()=>{\n\t\t\t\t\t\t\t\thbspt.forms.create({\n\t\t\t\t\t\t\t\t\tportalId: 144722784,\n\t\t\t\t\t\t\t\t\tformId: \"ede000cd-c95b-481e-8b32-d5e813393499\",\n\t\t\t\t\t\t\t\t\ttarget: \"#hbspt-form-1778990402000-4381661123\",\n\t\t\t\t\t\t\t\t\tregion: \"eu1\",\n\t\t\t\t\t\t\t\t\t\n\t\t\t\t\t\t\t})});\n\t\t\t\t\t\t<\/script>\n\t\t\t\t\t\t<div class=\"hbspt-form\" id=\"hbspt-form-1778990402000-4381661123\"><\/div>\t\t\t\t<\/div>\n\t\t\t\t<\/div>\n\t\t\t\t\t<\/div>\n\t\t<\/div>\n\t\t\t\t\t<\/div>\n\t\t<\/section>\n\t\t\t\t\t<\/div>\n\t\t<\/div>\n\t\t\t\t<div class=\"elementor-column elementor-col-50 elementor-top-column elementor-element elementor-element-591ff908\" data-id=\"591ff908\" data-element_type=\"column\" data-e-type=\"column\">\n\t\t\t<div class=\"elementor-widget-wrap elementor-element-populated\">\n\t\t\t\t\t\t<div class=\"elementor-element elementor-element-4268f3a4 elementor-widget elementor-widget-image\" data-id=\"4268f3a4\" data-element_type=\"widget\" data-e-type=\"widget\" data-widget_type=\"image.default\">\n\t\t\t\t<div class=\"elementor-widget-container\">\n\t\t\t\t\t\t\t\t\t\t\t\t\t\t\t<img decoding=\"async\" width=\"768\" height=\"340\" data-src=\"https:\/\/www.switchfleet.com\/comp\/uploads\/Coche-e1698834071561-768x340.png\" class=\"attachment-medium_large size-medium_large wp-image-1190 lazyload\" alt=\"Coche\" data-srcset=\"https:\/\/www.switchfleet.com\/comp\/uploads\/Coche-e1698834071561-768x340.png 768w, https:\/\/www.switchfleet.com\/comp\/uploads\/Coche-e1698834071561-300x133.png 300w, https:\/\/www.switchfleet.com\/comp\/uploads\/Coche-e1698834071561-150x66.png 150w, https:\/\/www.switchfleet.com\/comp\/uploads\/Coche-e1698834071561.png 1003w\" data-sizes=\"(max-width: 768px) 100vw, 768px\" src=\"data:image\/svg+xml;base64,PHN2ZyB3aWR0aD0iMSIgaGVpZ2h0PSIxIiB4bWxucz0iaHR0cDovL3d3dy53My5vcmcvMjAwMC9zdmciPjwvc3ZnPg==\" style=\"--smush-placeholder-width: 768px; --smush-placeholder-aspect-ratio: 768\/340;\" \/>\t\t\t\t\t\t\t\t\t\t\t\t\t\t\t<\/div>\n\t\t\t\t<\/div>\n\t\t\t\t<div class=\"elementor-element elementor-element-2f372838 elementor-widget elementor-widget-text-editor\" data-id=\"2f372838\" data-element_type=\"widget\" data-e-type=\"widget\" data-widget_type=\"text-editor.default\">\n\t\t\t\t<div class=\"elementor-widget-container\">\n\t\t\t\t\t\t\t\t\t<p>We manage the whole process of the solicitation of an offer, negotiating, financing, acquisition, and delivery of the fleet.<\/p>\t\t\t\t\t\t\t\t<\/div>\n\t\t\t\t<\/div>\n\t\t\t\t<div class=\"elementor-element elementor-element-1e68e701 elementor-widget elementor-widget-text-editor\" data-id=\"1e68e701\" data-element_type=\"widget\" data-e-type=\"widget\" data-widget_type=\"text-editor.default\">\n\t\t\t\t<div class=\"elementor-widget-container\">\n\t\t\t\t\t\t\t\t\t<p>Contact<\/p>\t\t\t\t\t\t\t\t<\/div>\n\t\t\t\t<\/div>\n\t\t\t\t<div class=\"elementor-element elementor-element-121ecf57 elementor-widget elementor-widget-text-editor\" data-id=\"121ecf57\" data-element_type=\"widget\" data-e-type=\"widget\" data-widget_type=\"text-editor.default\">\n\t\t\t\t<div class=\"elementor-widget-container\">\n\t\t\t\t\t\t\t\t\t<p>switch@switchfleet.com<\/p>\t\t\t\t\t\t\t\t<\/div>\n\t\t\t\t<\/div>\n\t\t\t\t\t<\/div>\n\t\t<\/div>\n\t\t\t\t\t<\/div>\n\t\t<\/section>\n\t\t\t\t<\/div>","protected":false},"excerpt":{"rendered":"<p>Cat\u00e1logo y Recarga VE&#8217;s Accede a nuestro Cat\u00e1logo de Prestaciones y Puntos de Recarga de Veh\u00edculos El\u00e9ctricos (VE&#8217;s).<\/p>","protected":false},"author":3,"featured_media":0,"parent":0,"menu_order":0,"comment_status":"closed","ping_status":"closed","template":"elementor_header_footer","meta":{"content-type":"","ocean_post_layout":"","ocean_both_sidebars_style":"","ocean_both_sidebars_content_width":0,"ocean_both_sidebars_sidebars_width":0,"ocean_sidebar":"0","ocean_second_sidebar":"0","ocean_disable_margins":"enable","ocean_add_body_class":"","ocean_shortcode_before_top_bar":"","ocean_shortcode_after_top_bar":"","ocean_shortcode_before_header":"","ocean_shortcode_after_header":"","ocean_has_shortcode":"","ocean_shortcode_after_title":"","ocean_shortcode_before_footer_widgets":"","ocean_shortcode_after_footer_widgets":"","ocean_shortcode_before_footer_bottom":"","ocean_shortcode_after_footer_bottom":"","ocean_display_top_bar":"default","ocean_display_header":"default","ocean_header_style":"","ocean_center_header_left_menu":"0","ocean_custom_header_template":"0","ocean_custom_logo":0,"ocean_custom_retina_logo":0,"ocean_custom_logo_max_width":0,"ocean_custom_logo_tablet_max_width":0,"ocean_custom_logo_mobile_max_width":0,"ocean_custom_logo_max_height":0,"ocean_custom_logo_tablet_max_height":0,"ocean_custom_logo_mobile_max_height":0,"ocean_header_custom_menu":"0","ocean_menu_typo_font_family":"0","ocean_menu_typo_font_subset":"","ocean_menu_typo_font_size":0,"ocean_menu_typo_font_size_tablet":0,"ocean_menu_typo_font_size_mobile":0,"ocean_menu_typo_font_size_unit":"px","ocean_menu_typo_font_weight":"","ocean_menu_typo_font_weight_tablet":"","ocean_menu_typo_font_weight_mobile":"","ocean_menu_typo_transform":"","ocean_menu_typo_transform_tablet":"","ocean_menu_typo_transform_mobile":"","ocean_menu_typo_line_height":0,"ocean_menu_typo_line_height_tablet":0,"ocean_menu_typo_line_height_mobile":0,"ocean_menu_typo_line_height_unit":"","ocean_menu_typo_spacing":0,"ocean_menu_typo_spacing_tablet":0,"ocean_menu_typo_spacing_mobile":0,"ocean_menu_typo_spacing_unit":"","ocean_menu_link_color":"","ocean_menu_link_color_hover":"","ocean_menu_link_color_active":"","ocean_menu_link_background":"","ocean_menu_link_hover_background":"","ocean_menu_link_active_background":"","ocean_menu_social_links_bg":"","ocean_menu_social_hover_links_bg":"","ocean_menu_social_links_color":"","ocean_menu_social_hover_links_color":"","ocean_disable_title":"on","ocean_disable_heading":"default","ocean_post_title":"","ocean_post_subheading":"","ocean_post_title_style":"","ocean_post_title_background_color":"","ocean_post_title_background":0,"ocean_post_title_bg_image_position":"","ocean_post_title_bg_image_attachment":"","ocean_post_title_bg_image_repeat":"","ocean_post_title_bg_image_size":"","ocean_post_title_height":0,"ocean_post_title_bg_overlay":0.5,"ocean_post_title_bg_overlay_color":"","ocean_disable_breadcrumbs":"default","ocean_breadcrumbs_color":"","ocean_breadcrumbs_separator_color":"","ocean_breadcrumbs_links_color":"","ocean_breadcrumbs_links_hover_color":"","ocean_display_footer_widgets":"default","ocean_display_footer_bottom":"default","ocean_custom_footer_template":"0","footnotes":""},"class_list":["post-4352","page","type-page","status-publish","hentry","entry"],"_links":{"self":[{"href":"https:\/\/www.switchfleet.com\/en\/wp-json\/wp\/v2\/pages\/4352","targetHints":{"allow":["GET"]}}],"collection":[{"href":"https:\/\/www.switchfleet.com\/en\/wp-json\/wp\/v2\/pages"}],"about":[{"href":"https:\/\/www.switchfleet.com\/en\/wp-json\/wp\/v2\/types\/page"}],"author":[{"embeddable":true,"href":"https:\/\/www.switchfleet.com\/en\/wp-json\/wp\/v2\/users\/3"}],"replies":[{"embeddable":true,"href":"https:\/\/www.switchfleet.com\/en\/wp-json\/wp\/v2\/comments?post=4352"}],"version-history":[{"count":4,"href":"https:\/\/www.switchfleet.com\/en\/wp-json\/wp\/v2\/pages\/4352\/revisions"}],"predecessor-version":[{"id":4356,"href":"https:\/\/www.switchfleet.com\/en\/wp-json\/wp\/v2\/pages\/4352\/revisions\/4356"}],"wp:attachment":[{"href":"https:\/\/www.switchfleet.com\/en\/wp-json\/wp\/v2\/media?parent=4352"}],"curies":[{"name":"wp","href":"https:\/\/api.w.org\/{rel}","templated":true}]}}